{"id":32,"date":"2022-11-15T23:24:29","date_gmt":"2022-11-15T23:24:29","guid":{"rendered":"https:\/\/sloveniafamilyholidays.com\/partners\/"},"modified":"2022-11-19T18:09:18","modified_gmt":"2022-11-19T18:09:18","slug":"partner","status":"publish","type":"page","link":"https:\/\/sloveniafamilyholidays.com\/sv\/partners\/","title":{"rendered":"Partners"},"content":{"rendered":"<p><strong><a href=\"https:\/\/slovenia-holidays.com\/\" target=\"_blank\" rel=\"noreferrer noopener\">SEMESTER I SLOVENIEN<\/a><\/strong><\/p>\n\n\n\n<p>Det bredaste utbudet av semestrar i Slovenien. Fr\u00e5n aktiva paket och \u00e4ventyrspaket till organiserade resor med utomhusaktiviteter, fr\u00e5n familjesemestrar och avslappnade stadsresor till lyxsemestrar och skr\u00e4ddarsydda semestrar. Oavsett vad du f\u00f6redrar har Slovenia Holidays dig med de b\u00e4sta guidade och sj\u00e4lvguidade resorna.<\/p>\n\n\n\n<p><strong><a href=\"https:\/\/slovenia-activites.com\/\" target=\"_blank\" rel=\"noreferrer noopener\">SLOVENIEN VERKSAMHET<\/a><\/strong><\/p>\n\n\n\n<p>Slovenia Activities \u00f6ppnar d\u00f6rren till alla de b\u00e4sta upplevelserna som Slovenien har att erbjuda. Vi ser till att du kan njuta till fullo av v\u00e5rt lands exceptionella potential. Oavsett om det handlar om en viss utomhusaktivitet, en kulinarisk resa eller en kombination av avkopplande tidsf\u00f6rdriv och mer sp\u00e4nnande varianter - \u00e4ventyret b\u00f6rjar h\u00e4r!&nbsp;&nbsp;<\/p>\n\n\n\n<p><strong><a href=\"https:\/\/day-trips-slovenia.com\/\" target=\"_blank\" rel=\"noreferrer noopener\">DAGSUTFLYKTER I SLOVENIEN<\/a><\/strong><\/p>\n\n\n\n<p>Dagsturer i sm\u00e5 grupper och privata turer fr\u00e5n Ljubljana, Bled, Koper, Zagreb och Venedig f\u00f6r att se de b\u00e4sta platserna i Slovenien i kombination med dagsutflykter till grannl\u00e4nderna Kroatien och Italien.<\/p>\n\n\n\n<p><strong><a href=\"https:\/\/fishing-guides-slovenia.com\/\" target=\"_blank\" rel=\"noreferrer noopener\">FISKEGUIDER SLOVENIEN<\/a><\/strong><\/p>\n\n\n\n<p>Of\u00f6rgl\u00f6mliga fiskeupplevelser (resor och semestrar, uthyrning av utrustning) med lokala fiskare p\u00e5 vackra g\u00f6mda platser i Slovenien.<\/p>\n\n\n\n<p><strong><a href=\"https:\/\/wine-tours-slovenia.com\/\" target=\"_blank\" rel=\"noreferrer noopener\">VINRESOR SLOVENIEN<\/a><\/strong><\/p>\n\n\n\n<p>Vinresor \u00e4r perfekta f\u00f6r b\u00e5de nyb\u00f6rjare och erfarna vinprovare. Du beh\u00f6ver inga f\u00f6rkunskaper. Det enda som kr\u00e4vs \u00e4r viljan att koppla av, dricka vin och koppla av lite till.<\/p>\n\n\n\n<p>Det finns inget b\u00e4ttre s\u00e4tt att uppleva Sloveniens rika vinframst\u00e4llningstradition p\u00e5 n\u00e4ra h\u00e5ll, umg\u00e5s med andra resen\u00e4rer och smaka p\u00e5 naturens sk\u00f6te under en enda dag.<\/p>\n\n\n\n<p><strong><a href=\"https:\/\/biketourljubljana.com\/\" target=\"_blank\" rel=\"noreferrer noopener\">CYKELTUR LJUBLJANA<\/a><\/strong><\/p>\n\n\n\n<p>En avslappnad, livlig och rolig v\u00e4g genom Ljubljanas scener och rika kulturarv. F\u00f6rutom vackra sev\u00e4rdheter delar vi ocks\u00e5 med oss av sp\u00e4nnande historier fr\u00e5n det f\u00f6rflutna, liksom av det aktuella som h\u00e4nder i staden.<\/p>\n\n\n\n<p><a href=\"https:\/\/walking-holidays-slovenia.com\/\"><strong>VANDRINGSSEMESTER I SLOVENIEN<\/strong><\/a><\/p>\n\n\n\n<p>V\u00e5ra vandringssemestrar i Slovenien \u00e4r till f\u00f6r dig som gillar att tillbringa din tid utomhus och uppt\u00e4cka sev\u00e4rdheter i Slovenien som inte g\u00e5r att n\u00e5 med bil. Fr\u00e5n lugna promenader l\u00e4ngs or\u00f6rda floder till \u00e4ventyrliga vandringar i bergen.<\/p>\n\n\n\n<p><a href=\"https:\/\/huttohuthikingslovenia.com\/\"><strong>VANDRING FR\u00c5N HYDDA TILL HYDDA I SLOVENIEN<\/strong><\/a><\/p>\n\n\n\n<p>Upplev magin med att vandra mellan stugor i de slovenska bergen. Mellan de julianska alpernas toppar och den or\u00f6rda naturen i nationalparken Triglav finns det ingen b\u00e4ttre plats att vakna upp p\u00e5 \u00e4n med en soluppg\u00e5ng i bergen.<\/p>\n\n\n\n<p><a href=\"https:\/\/triglavtours.com\/\"><strong>TRIGLAV TOURS<\/strong><\/a><\/p>\n\n\n\n<p>Bestig den h\u00f6gsta toppen i de julianska alperna och det h\u00f6gsta berget i Slovenien. Med hj\u00e4lp av v\u00e5ra erfarna professionella bergsguider har det aldrig varit roligare och s\u00e4krare att bestiga Triglav.<\/p>\n\n\n\n<p><a href=\"https:\/\/slovenia-fly-fishing.com\/\"><strong>FLUGFISKE I SLOVENIEN<\/strong><\/a><\/p>\n\n\n\n<p>Slovenien \u00e4r ett land fyllt av olika floder fulla av fisk som ligger i olika landskap mellan berg, sl\u00e4tter och hav. Med hj\u00e4lp av v\u00e5ra kunniga lokala fiskeguider blir flugfiske i Slovenien en of\u00f6rgl\u00f6mlig upplevelse.<\/p>\n\n\n\n<p><strong><a href=\"https:\/\/thebalkantours.com\/\">BALKANRESAN<\/a><\/strong><\/p>\n\n\n\n<p>Of\u00f6rgl\u00f6mliga semestrar i Balkanl\u00e4nderna.<\/p>\n\n\n\n<p><strong><a href=\"https:\/\/shoreexcursionskoper.com\/\" target=\"_blank\" rel=\"noreferrer noopener\">UTFLYKTER I LAND I KOPER<\/a><\/strong><\/p>\n\n\n\n<p>De b\u00e4sta guidade landutflykterna fr\u00e5n Koper i Slovenien f\u00f6r att uppt\u00e4cka b\u00e5de dess fr\u00e4msta attraktioner och dolda p\u00e4rlor.<\/p>\n\n\n\n<p><strong><a href=\"https:\/\/hvarstagdo.com\/\" target=\"_blank\" rel=\"noreferrer noopener\">HVAR STAG DO<\/a><\/strong><\/p>\n\n\n\n<p>B\u00e4sta st\u00e4llet f\u00f6r att organisera en of\u00f6rgl\u00f6mlig svensexa p\u00e5 den otroliga \u00f6n Hvar f\u00f6r att ge din v\u00e4n n\u00e5gra sista n\u00e4tter att festa innan han gifter sig.<\/p>\n\n\n\n<p><strong><a href=\"https:\/\/sloveniaprivatetours.com\/\" target=\"_blank\" rel=\"noreferrer noopener\">SLOVENIEN PRIVATA TURER<\/a><\/strong><\/p>\n\n\n\n<p>Privata turer i Slovenien \u00e4r din chans att uppleva v\u00e5rt land helt utan stress, i s\u00e4llskap med en professionell lokal chauff\u00f6r och guide som visar dig vad Slovenien handlar om.<\/p>","protected":false},"excerpt":{"rendered":"<p>SLOVENIEN Semester Det bredaste utbudet av semestrar i Slovenien. Fr\u00e5n aktiv- och \u00e4ventyrspaket till organiserade resor med utomhusaktiviteter, fr\u00e5n familjesemestrar och avslappnade stadsresor till lyx och skr\u00e4ddarsydda semestrar. Oavsett vad du f\u00f6redrar har Slovenia Holidays de b\u00e4sta guidade och sj\u00e4lvguidade turerna. SLOVENIEN AKTIVITETER Slovenien Aktiviteter \u00f6ppnar d\u00f6rren till ... <a href=\"https:\/\/sloveniafamilyholidays.com\/sv\/partners\/\">Forts\u00e4ttning<\/a><\/p>","protected":false},"author":43,"featured_media":0,"parent":0,"menu_order":0,"comment_status":"open","ping_status":"open","template":"","meta":{"_acf_changed":false,"footnotes":""},"class_list":["post-32","page","type-page","status-publish","hentry"],"acf":{"page_subheading":"We are stronger together."},"_links":{"self":[{"href":"https:\/\/sloveniafamilyholidays.com\/sv\/wp-json\/wp\/v2\/pages\/32","targetHints":{"allow":["GET"]}}],"collection":[{"href":"https:\/\/sloveniafamilyholidays.com\/sv\/wp-json\/wp\/v2\/pages"}],"about":[{"href":"https:\/\/sloveniafamilyholidays.com\/sv\/wp-json\/wp\/v2\/types\/page"}],"author":[{"embeddable":true,"href":"https:\/\/sloveniafamilyholidays.com\/sv\/wp-json\/wp\/v2\/users\/43"}],"replies":[{"embeddable":true,"href":"https:\/\/sloveniafamilyholidays.com\/sv\/wp-json\/wp\/v2\/comments?post=32"}],"version-history":[{"count":1,"href":"https:\/\/sloveniafamilyholidays.com\/sv\/wp-json\/wp\/v2\/pages\/32\/revisions"}],"predecessor-version":[{"id":370,"href":"https:\/\/sloveniafamilyholidays.com\/sv\/wp-json\/wp\/v2\/pages\/32\/revisions\/370"}],"wp:attachment":[{"href":"https:\/\/sloveniafamilyholidays.com\/sv\/wp-json\/wp\/v2\/media?parent=32"}],"curies":[{"name":"wp","href":"https:\/\/api.w.org\/{rel}","templated":true}]}}