{"id":30,"date":"2022-11-15T23:24:29","date_gmt":"2022-11-15T23:24:29","guid":{"rendered":"https:\/\/sloveniafamilyholidays.com\/climate-emergency\/"},"modified":"2022-11-19T18:09:00","modified_gmt":"2022-11-19T18:09:00","slug":"klimatkris","status":"publish","type":"page","link":"https:\/\/sloveniafamilyholidays.com\/sv\/climate-emergency\/","title":{"rendered":"Klimatn\u00f6dl\u00e4ge"},"content":{"rendered":"<h2 class=\"wp-block-heading\" id=\"headline-33-8554\">Vi f\u00f6rklarar ett klimatn\u00f6dl\u00e4ge<\/h2>\n\n\n\n<p>Vi har anslutit oss till Tourism Declares, ett initiativ som st\u00f6djer turistf\u00f6retag, organisationer och individer som vill f\u00f6rklara en klimatn\u00f6dsituation och vidta m\u00e5lmedvetna \u00e5tg\u00e4rder f\u00f6r att minska sina koldioxidutsl\u00e4pp i enlighet med r\u00e5den fr\u00e5n IPCC (Intergovernmental Panel on Climate Change) om att minska de globala koldioxidutsl\u00e4ppen till 55% under 2017 \u00e5rs niv\u00e5er fram till 2030.&nbsp;<\/p>\n\n\n\n<p>I likhet med alla undertecknare har vi \u00e5tagit oss att vidta f\u00f6ljande fem \u00e5tg\u00e4rder:<\/p>\n\n\n\n<ol class=\"wp-block-list\">\n<li>Utveckla en \"Climate Emergency Plan\" inom de n\u00e4rmaste 12 m\u00e5naderna, som anger v\u00e5ra planer p\u00e5 att minska koldioxidutsl\u00e4ppen under det kommande decenniet.<\/li>\n\n\n\n<li>Dela en f\u00f6rsta offentlig deklaration av v\u00e5r \"klimatn\u00f6dplan\" och uppdatera om framstegen varje \u00e5r.<\/li>\n\n\n\n<li>Acceptera IPCC:s r\u00e5d om att de globala koldioxidutsl\u00e4ppen m\u00e5ste minskas till 55% under 2017 \u00e5rs niv\u00e5er till 2030 f\u00f6r att h\u00e5lla planeten inom 1,5 graders uppv\u00e4rmning. Vi kommer att se till att v\u00e5r \"Climate Emergency Plan\" representerar \u00e5tg\u00e4rder som \u00e4r utformade f\u00f6r att uppn\u00e5 detta som ett minimum, genom att leverera transparenta, m\u00e4tbara och \u00f6kande minskningar av de totala koldioxidutsl\u00e4ppen per kund som h\u00e4rr\u00f6r fr\u00e5n v\u00e5r verksamhet och de resetj\u00e4nster som s\u00e4ljs av oss.&nbsp;<\/li>\n\n\n\n<li>Uppmuntra v\u00e5ra leverant\u00f6rer och partners att g\u00f6ra samma deklaration, dela b\u00e4sta praxis med andra och delta aktivt i Tourism Declares community.<\/li>\n\n\n\n<li>F\u00f6respr\u00e5ka f\u00f6r\u00e4ndring. Vi erk\u00e4nner behovet av systemf\u00f6r\u00e4ndringar i hela branschen f\u00f6r att p\u00e5skynda en r\u00e4ttvis \u00f6verg\u00e5ng till koldioxidfri turism.<\/li>\n<\/ol>\n\n\n\n<p>\u00d6verv\u00e4g ocks\u00e5 att deklarera p\u00e5&nbsp;<a href=\"https:\/\/www.tourismdeclares.com\/\" target=\"_blank\" rel=\"noreferrer noopener\">www.tourismdeclares.com<\/a>, och f\u00f6lj @tourismdeclares p\u00e5 Twitter, Facebook eller Linkedin.<\/p>","protected":false},"excerpt":{"rendered":"<p>Vi deklarerar ett klimatn\u00f6dl\u00e4ge Vi har anslutit oss till Tourism Declares, ett initiativ som hj\u00e4lper turistf\u00f6retag, organisationer och individer att deklarera ett klimatn\u00f6dl\u00e4ge och vidta m\u00e5lmedvetna \u00e5tg\u00e4rder f\u00f6r att minska sina koldioxidutsl\u00e4pp i enlighet med r\u00e5det fr\u00e5n den mellanstatliga panelen f\u00f6r klimatf\u00f6r\u00e4ndringar (IPCC) att minska de globala koldioxidutsl\u00e4ppen till 55% under 2017... <a href=\"https:\/\/sloveniafamilyholidays.com\/sv\/climate-emergency\/\">Forts\u00e4ttning<\/a><\/p>","protected":false},"author":43,"featured_media":0,"parent":0,"menu_order":0,"comment_status":"open","ping_status":"open","template":"","meta":{"_acf_changed":false,"footnotes":""},"class_list":["post-30","page","type-page","status-publish","hentry"],"acf":{"page_subheading":"Our commitment is shared by a global initiative that supports tourism businesses, organisations and individuals, all striving to be a part of the solution."},"_links":{"self":[{"href":"https:\/\/sloveniafamilyholidays.com\/sv\/wp-json\/wp\/v2\/pages\/30","targetHints":{"allow":["GET"]}}],"collection":[{"href":"https:\/\/sloveniafamilyholidays.com\/sv\/wp-json\/wp\/v2\/pages"}],"about":[{"href":"https:\/\/sloveniafamilyholidays.com\/sv\/wp-json\/wp\/v2\/types\/page"}],"author":[{"embeddable":true,"href":"https:\/\/sloveniafamilyholidays.com\/sv\/wp-json\/wp\/v2\/users\/43"}],"replies":[{"embeddable":true,"href":"https:\/\/sloveniafamilyholidays.com\/sv\/wp-json\/wp\/v2\/comments?post=30"}],"version-history":[{"count":1,"href":"https:\/\/sloveniafamilyholidays.com\/sv\/wp-json\/wp\/v2\/pages\/30\/revisions"}],"predecessor-version":[{"id":368,"href":"https:\/\/sloveniafamilyholidays.com\/sv\/wp-json\/wp\/v2\/pages\/30\/revisions\/368"}],"wp:attachment":[{"href":"https:\/\/sloveniafamilyholidays.com\/sv\/wp-json\/wp\/v2\/media?parent=30"}],"curies":[{"name":"wp","href":"https:\/\/api.w.org\/{rel}","templated":true}]}}