{"id":713,"date":"2023-01-31T15:02:19","date_gmt":"2023-01-31T15:02:19","guid":{"rendered":"https:\/\/sloveniafamilyholidays.com\/?page_id=713"},"modified":"2024-03-22T13:43:25","modified_gmt":"2024-03-22T13:43:25","slug":"hoe-kom-ik-in-slovenie","status":"publish","type":"page","link":"https:\/\/sloveniafamilyholidays.com\/nl\/how-to-get-to-slovenia\/","title":{"rendered":"Hoe kom je in Sloveni\u00eb?"},"content":{"rendered":"<p>Plant u een reis naar Sloveni\u00eb en vraagt u zich af hoe u daar komt? Zoek niet verder!<\/p>\n\n\n\n<p>Sloveni\u00eb ligt gunstig <strong>gelegen in het centrum van Europa<\/strong>waardoor het gemakkelijk is om vanuit elke richting te komen. Of u nu per vliegtuig, over land of over zee komt, er zijn genoeg mogelijkheden om dit kleine, maar machtige land te bereiken.<\/p>\n\n\n\n<figure class=\"wp-block-image size-large\"><img loading=\"lazy\" decoding=\"async\" width=\"1024\" height=\"678\" src=\"https:\/\/sloveniafamilyholidays.com\/wp-content\/uploads\/ljubljana-colourful-1024x678.webp\" alt=\"ljubljana kleurrijk\" class=\"wp-image-214\" srcset=\"https:\/\/sloveniafamilyholidays.com\/wp-content\/uploads\/ljubljana-colourful-1024x678.webp 1024w, https:\/\/sloveniafamilyholidays.com\/wp-content\/uploads\/ljubljana-colourful-300x199.webp 300w, https:\/\/sloveniafamilyholidays.com\/wp-content\/uploads\/ljubljana-colourful-768x509.webp 768w, https:\/\/sloveniafamilyholidays.com\/wp-content\/uploads\/ljubljana-colourful-1536x1017.webp 1536w, https:\/\/sloveniafamilyholidays.com\/wp-content\/uploads\/ljubljana-colourful-2048x1356.webp 2048w, https:\/\/sloveniafamilyholidays.com\/wp-content\/uploads\/ljubljana-colourful-18x12.webp 18w, https:\/\/sloveniafamilyholidays.com\/wp-content\/uploads\/ljubljana-colourful-scaled.webp 1920w\" sizes=\"auto, (max-width: 1024px) 100vw, 1024px\" \/><figcaption class=\"wp-element-caption\">Bewonder de kleuren van Ljubljana<\/figcaption><\/figure>\n\n\n\n<p>Met zijn prachtige natuurlijke schoonheid, rijke culturele geschiedenis en gastvrije bevolking is Sloveni\u00eb de perfecte bestemming voor reizigers die dit deel van Europa willen verkennen.<\/p>\n\n\n\n<p>In deze gids behandelen we alle manieren waarop u naar Sloveni\u00eb kunt komen, zodat u uw reis gemakkelijk kunt plannen.<\/p>\n\n\n\n<h2 class=\"wp-block-heading\">Aankomst per vliegtuig<\/h2>\n\n\n\n<p>Een vlucht naar Sloveni\u00eb is de beste optie om hier te komen, vooral als u niet uit een van de aangrenzende landen komt.<\/p>\n\n\n\n<p>Sloveni\u00eb heeft 3 internationale luchthavens (Ljubljana, Maribor, Portoro\u017e).&nbsp;<\/p>\n\n\n\n<p><strong>Ljubljana (Jo\u017ee Pu\u010dnik Luchthaven)<\/strong> - de belangrijkste luchthaven van Sloveni\u00eb&nbsp;<\/p>\n\n\n\n<p>Het ligt ongeveer 26 km ten noorden van de hoofdstad. U kunt een taxi nemen, een luchthavenshuttle, een auto huren of kiezen voor onze transferopties, afhankelijk van uw reisroute.&nbsp;<\/p>\n\n\n\n<p>De luchthaven van Ljubljana is de beste optie wanneer u naar Sloveni\u00eb reist, met name voor een bezoek aan plaatsen in het centrale, noordelijke of noordwestelijke deel van het land.&nbsp;<\/p>\n\n\n\n<p><strong>Maribor (Edvard Rusjan Luchthaven)<\/strong> - tweede internationale luchthaven<\/p>\n\n\n\n<p>Het ligt ongeveer 10 km ten zuiden van Maribor, de op een na grootste stad van Sloveni\u00eb. Reizen van en naar de luchthaven gebeurt per taxi of een vooraf geboekte transfer. Maribor Airport wordt voornamelijk gebruikt voor seizoens- en chartervluchten.&nbsp;<\/p>\n\n\n\n<p><strong>Portoro\u017e Luchthaven <\/strong>- kleinere charters, zaken- en vrachtvluchten<\/p>\n\n\n\n<p>De luchthaven ligt 6 km ten zuiden van Portoro\u017e, en u kunt de volgende steden binnen een uur rijden bereiken: Tri\u00ebst (Itali\u00eb), Koper, Postojna, Ljubljana (Sloveni\u00eb) en Kroatische steden op het schiereiland Istri\u00eb.<\/p>\n\n\n\n<p><strong>Trieste Luchthaven (Friuli Venezia Giulia Luchthaven)<\/strong> - Veel rechtstreekse vluchten, net over de grens met Sloveni\u00eb<\/p>\n\n\n\n<p>Tri\u00ebst Airport, ook bekend als Friuli Venezia Giulia Airport, ligt ongeveer 33 km ten noordwesten van Tri\u00ebst, Itali\u00eb. Het biedt rechtstreekse vluchten naar verschillende bestemmingen, waaronder grote steden en regionale hubs, met luchtvaartmaatschappijen als Ryanair en ITA Airways. Hoewel het in Itali\u00eb ligt, kun je Sloveni\u00eb in minder dan 30 minuten bereiken, en Ljubljana in 1u20min.<\/p>\n\n\n\n<p><strong>Alternatieve luchthavens in de buurt van Sloveni\u00eb<\/strong>:<\/p>\n\n\n\n<p>De meest geschikte luchthaven buiten Sloveni\u00eb is <strong>Veneti\u00eb<\/strong> (Marco Polo en Treviso), met talrijke internationale verbindingen. <strong>Zagreb<\/strong> en <strong>Wenen<\/strong> zijn ook goede opties, hoewel de laatste iets verder weg ligt.<\/p>\n\n\n\n<p>Andere opties: Pula, Klagenfurt, Graz, Tri\u00ebst<\/p>\n\n\n\n<h2 class=\"wp-block-heading\">Aankomst met de auto<\/h2>\n\n\n\n<p>Met de auto naar Sloveni\u00eb komen is een handige en praktische optie, want het land heeft <strong>uitstekende verbindingen<\/strong> naar de rest van Europa via een <strong>netwerk van snelwegen<\/strong>. Het is gemakkelijk om het hele land met de auto te verkennen, want de afstanden zijn klein en je kunt het hele land in een paar korte ritjes bestrijken.<\/p>\n\n\n\n<p>In feite is Sloveni\u00eb de <strong>perfecte bestemming voor een road trip<\/strong>U kunt dan genieten van het prachtige natuurschoon en de diverse culturele bezienswaardigheden die het land te bieden heeft.<\/p>\n\n\n\n<p>Het is belangrijk op te merken dat je... <strong>een snelwegvignet kopen<\/strong> om de snelwegen in Sloveni\u00eb te gebruiken. Deze kunnen worden gekocht bij tankstations, postkantoren en kiosken - maar de <strong>beste manier<\/strong> is om <a href=\"https:\/\/evinjeta.dars.si\/en\">online kopen<\/a>. Ze zijn beschikbaar voor verschillende periodes, van een week tot een jaar. Zodra u uw vignet hebt, zult u van vlotte, probleemloze reizen kunnen genieten terwijl u Sloveni\u00eb met de auto verkent.<\/p>\n\n\n\n<h2 class=\"wp-block-heading\">Aankomst per trein<\/h2>\n\n\n\n<p>Met de trein naar Sloveni\u00eb is zo eenvoudig als het maar kan. Er zijn <strong>goede spoorwegverbindingen<\/strong> uit buurlanden en vele andere landen: Kroati\u00eb, Itali\u00eb, Oostenrijk, Hongarije, Servi\u00eb, Tsjechi\u00eb, Duitsland, Zwitserland, enz.&nbsp;<\/p>\n\n\n\n<p>Sloveni\u00eb is opgenomen in de <strong>Eurail Global Pass<\/strong> systeem.&nbsp;<\/p>\n\n\n\n<p>U kunt ook per trein reizen vanaf nabijgelegen luchthavens, zoals Tri\u00ebst, Zagreb of Wenen.<\/p>\n\n\n\n<h2 class=\"wp-block-heading\">Aankomst met de bus<\/h2>\n\n\n\n<p>Reizen naar Sloveni\u00eb per bus vanuit vele Europese steden is vrij eenvoudig. Er zijn <strong>directe buslijnen<\/strong> uit Zweden en Denemarken, en de meeste internationale bussen stoppen in Ljubljana.<\/p>\n\n\n\n<p>De geregistreerde buitenlandse EU-busvervoerders hebben geen speciale vergunning nodig om door Sloveni\u00eb te reizen, waarbij de bussen van FlixBus en Nomago steeds populairder worden.<\/p>\n\n\n\n<h2 class=\"wp-block-heading\">Heb ik een VISA nodig voor Sloveni\u00eb?<\/h2>\n\n\n\n<p>Burgers van de lidstaten van de Europese Economische Ruimte (EER) kunnen Sloveni\u00eb binnenkomen met een <strong>een geldige identiteitskaart of een geldig paspoort<\/strong> en hebben geen visum of verblijfsvergunning nodig.<\/p>\n\n\n\n<p>Onderdanen van derde landen moeten een visum of een verblijfsvergunning aanvragen bij de diplomatieke vertegenwoordiging van Sloveni\u00eb in het buitenland.<\/p>\n\n\n\n<p>* De lijst van landen die een visum nodig hebben voor Sloveni\u00eb kan worden bekeken op de offici\u00eble website van de overheid. <a href=\"https:\/\/www.gov.si\/en\/countries\/\">hier<\/a>.<\/p>","protected":false},"excerpt":{"rendered":"<p>Ben je een reis naar Sloveni\u00eb aan het plannen en vraag je je af hoe je daar komt? Zoek niet verder! Sloveni\u00eb heeft een gunstige ligging in het centrum van Europa, waardoor het gemakkelijk te bereiken is vanuit elke richting. Of je nu per vliegtuig, over land of over zee komt, er zijn genoeg mogelijkheden om dit kleine maar machtige land te bereiken. ... <a href=\"https:\/\/sloveniafamilyholidays.com\/nl\/how-to-get-to-slovenia\/\">Vervolg<\/a><\/p>","protected":false},"author":43,"featured_media":184,"parent":0,"menu_order":0,"comment_status":"closed","ping_status":"closed","template":"","meta":{"_acf_changed":false,"footnotes":""},"class_list":["post-713","page","type-page","status-publish","has-post-thumbnail","hentry"],"acf":{"page_subheading":"Learn how to get to Slovenia by plane, car, or public transportation, and have an easier time planning your trip with our comprehensive guide."},"_links":{"self":[{"href":"https:\/\/sloveniafamilyholidays.com\/nl\/wp-json\/wp\/v2\/pages\/713","targetHints":{"allow":["GET"]}}],"collection":[{"href":"https:\/\/sloveniafamilyholidays.com\/nl\/wp-json\/wp\/v2\/pages"}],"about":[{"href":"https:\/\/sloveniafamilyholidays.com\/nl\/wp-json\/wp\/v2\/types\/page"}],"author":[{"embeddable":true,"href":"https:\/\/sloveniafamilyholidays.com\/nl\/wp-json\/wp\/v2\/users\/43"}],"replies":[{"embeddable":true,"href":"https:\/\/sloveniafamilyholidays.com\/nl\/wp-json\/wp\/v2\/comments?post=713"}],"version-history":[{"count":3,"href":"https:\/\/sloveniafamilyholidays.com\/nl\/wp-json\/wp\/v2\/pages\/713\/revisions"}],"predecessor-version":[{"id":9978,"href":"https:\/\/sloveniafamilyholidays.com\/nl\/wp-json\/wp\/v2\/pages\/713\/revisions\/9978"}],"wp:featuredmedia":[{"embeddable":true,"href":"https:\/\/sloveniafamilyholidays.com\/nl\/wp-json\/wp\/v2\/media\/184"}],"wp:attachment":[{"href":"https:\/\/sloveniafamilyholidays.com\/nl\/wp-json\/wp\/v2\/media?parent=713"}],"curies":[{"name":"wp","href":"https:\/\/api.w.org\/{rel}","templated":true}]}}