{"id":24,"date":"2022-11-15T23:24:29","date_gmt":"2022-11-15T23:24:29","guid":{"rendered":"https:\/\/sloveniafamilyholidays.com\/about-us\/"},"modified":"2023-01-19T13:48:43","modified_gmt":"2023-01-19T13:48:43","slug":"a-propos-de-nous","status":"publish","type":"page","link":"https:\/\/sloveniafamilyholidays.com\/fr\/about-us\/","title":{"rendered":"A propos de nous"},"content":{"rendered":"<p>Cr\u00e9er des exp\u00e9riences m\u00e9morables pour les visiteurs de la Slov\u00e9nie a toujours \u00e9t\u00e9 un de mes passe-temps.<\/p>\n\n\n\n<p>Chaque jour, le fait d'\u00eatre dehors dans la nature ou au milieu de tr\u00e9sors culturels avec d'autres personnes intrigantes, ainsi que l'aspect dynamique d'un travail r\u00e9gulier, m'encouragent. C'est pourquoi je travaille depuis si longtemps comme guide touristique.<\/p>\n\n\n\n<figure class=\"wp-block-image size-large\"><img loading=\"lazy\" decoding=\"async\" width=\"1024\" height=\"683\" src=\"https:\/\/sloveniafamilyholidays.com\/wp-content\/uploads\/Cow-farm-in-Jezersko-1024x683.webp\" alt=\"Ferme de vaches \u00e0 Jezersko\" class=\"wp-image-170\" srcset=\"https:\/\/sloveniafamilyholidays.com\/wp-content\/uploads\/Cow-farm-in-Jezersko-1024x683.webp 1024w, https:\/\/sloveniafamilyholidays.com\/wp-content\/uploads\/Cow-farm-in-Jezersko-300x200.webp 300w, https:\/\/sloveniafamilyholidays.com\/wp-content\/uploads\/Cow-farm-in-Jezersko-768x512.webp 768w, https:\/\/sloveniafamilyholidays.com\/wp-content\/uploads\/Cow-farm-in-Jezersko-1536x1024.webp 1536w, https:\/\/sloveniafamilyholidays.com\/wp-content\/uploads\/Cow-farm-in-Jezersko-2048x1365.webp 2048w, https:\/\/sloveniafamilyholidays.com\/wp-content\/uploads\/Cow-farm-in-Jezersko-18x12.webp 18w, https:\/\/sloveniafamilyholidays.com\/wp-content\/uploads\/Cow-farm-in-Jezersko-scaled.webp 1920w\" sizes=\"auto, (max-width: 1024px) 100vw, 1024px\" \/><figcaption class=\"wp-element-caption\">La Slov\u00e9nie est une destination id\u00e9ale pour les familles<\/figcaption><\/figure>\n\n\n\n<p>Pendant mes \u00e9tudes universitaires, j'avais l'habitude de montrer aux \u00e9tudiants en \u00e9change la beaut\u00e9 de la Slov\u00e9nie. Aujourd'hui, je fais la m\u00eame chose \u00e0 plus grande \u00e9chelle, en montrant la richesse des paysages et de la culture de la Slov\u00e9nie aux familles qui souhaitent visiter ce coin magique de l'Europe.<\/p>\n\n\n\n<p>Je suis \u00e9galement <strong>voyageur avide<\/strong> qui a voyag\u00e9 dans le monde entier. J'aime apprendre \u00e0 conna\u00eetre les diff\u00e9rentes cultures, ce qui me motive lorsque je suis en contact avec nos visiteurs. Je m'y connais \u00e9galement en enfants, car je travaille depuis longtemps dans le secteur du tourisme.<\/p>\n\n\n\n<p>Travailler dans une agence de voyage en Slov\u00e9nie m'a permis d'acqu\u00e9rir des connaissances pr\u00e9cieuses. J'ai appris \u00e0 conna\u00eetre les pr\u00e9occupations les plus r\u00e9pandues et les choses que les gens appr\u00e9cient le plus ; en bref, j'ai commenc\u00e9 \u00e0 comprendre ce que les gens veulent lorsqu'ils visitent la Slov\u00e9nie.<\/p>\n\n\n\n<figure class=\"wp-block-image size-large\"><img loading=\"lazy\" decoding=\"async\" width=\"1024\" height=\"683\" src=\"https:\/\/sloveniafamilyholidays.com\/wp-content\/uploads\/happy-family-snow-1024x683.webp\" alt=\"neige en famille heureuse\" class=\"wp-image-231\" srcset=\"https:\/\/sloveniafamilyholidays.com\/wp-content\/uploads\/happy-family-snow-1024x683.webp 1024w, https:\/\/sloveniafamilyholidays.com\/wp-content\/uploads\/happy-family-snow-300x200.webp 300w, https:\/\/sloveniafamilyholidays.com\/wp-content\/uploads\/happy-family-snow-768x512.webp 768w, https:\/\/sloveniafamilyholidays.com\/wp-content\/uploads\/happy-family-snow-1536x1024.webp 1536w, https:\/\/sloveniafamilyholidays.com\/wp-content\/uploads\/happy-family-snow-2048x1365.webp 2048w, https:\/\/sloveniafamilyholidays.com\/wp-content\/uploads\/happy-family-snow-18x12.webp 18w, https:\/\/sloveniafamilyholidays.com\/wp-content\/uploads\/happy-family-snow-scaled.webp 1920w\" sizes=\"auto, (max-width: 1024px) 100vw, 1024px\" \/><figcaption class=\"wp-element-caption\">Visitez la Slov\u00e9nie en toute saison<\/figcaption><\/figure>\n\n\n\n<p>Cela vaut surtout pour les familles, car <strong>Je sais \u00e0 quel point organiser des vacances avec des enfants est stressant.<\/strong>.<\/p>\n\n\n\n<p>Si toutes ces ann\u00e9es ont fait de moi la personne que je suis, j'ai toujours eu le d\u00e9sir profond d'am\u00e9liorer les choses pour nos visiteurs. J'ai r\u00e9ussi, mais il y avait tellement plus que je voulais r\u00e9aliser.<\/p>\n\n\n\n<p>Slovenia Family Holidays a \u00e9t\u00e9 cr\u00e9\u00e9 avec l'aide de mes amis touristes pour r\u00e9aliser ces aspirations, en offrant \u00e0 chacun la possibilit\u00e9 de profiter de vacances parfaites en Slov\u00e9nie.<\/p>\n\n\n\n<h2 class=\"wp-block-heading\">Une \u00e9quipe d\u00e9termin\u00e9e \u00e0 vous faire passer le meilleur moment de votre vie.<\/h2>\n\n\n\n<p>Notre \u00e9quipe met en relation des personnes aussi enthousiastes \u00e0 l'id\u00e9e de voyager que de partager cet enthousiasme avec d'autres. Nous travaillons directement avec <strong>guides experts<\/strong> et <strong>vendeurs locaux<\/strong> pour assurer le bon d\u00e9roulement de vos vacances en famille.<\/p>\n\n\n\n<p>Les commentaires de nos clients nous motivent continuellement \u00e0 pers\u00e9v\u00e9rer dans notre voie et \u00e0 faire une diff\u00e9rence dans les exp\u00e9riences de vacances d'un plus grand nombre de personnes. C'est pourquoi nous nous sommes fix\u00e9 pour objectif de continuer \u00e0 d\u00e9velopper et \u00e0 aider de plus en plus de familles arrivantes \u00e0 cr\u00e9er des exp\u00e9riences inoubliables tout au long de leurs vacances en famille en Slov\u00e9nie.<\/p>\n\n\n\n<figure class=\"wp-block-image size-large\"><img loading=\"lazy\" decoding=\"async\" width=\"1024\" height=\"683\" src=\"https:\/\/sloveniafamilyholidays.com\/wp-content\/uploads\/fish-baby-1024x683.webp\" alt=\"b\u00e9b\u00e9 poisson\" class=\"wp-image-246\" srcset=\"https:\/\/sloveniafamilyholidays.com\/wp-content\/uploads\/fish-baby-1024x683.webp 1024w, https:\/\/sloveniafamilyholidays.com\/wp-content\/uploads\/fish-baby-300x200.webp 300w, https:\/\/sloveniafamilyholidays.com\/wp-content\/uploads\/fish-baby-768x512.webp 768w, https:\/\/sloveniafamilyholidays.com\/wp-content\/uploads\/fish-baby-1536x1024.webp 1536w, https:\/\/sloveniafamilyholidays.com\/wp-content\/uploads\/fish-baby-2048x1365.webp 2048w, https:\/\/sloveniafamilyholidays.com\/wp-content\/uploads\/fish-baby-18x12.webp 18w, https:\/\/sloveniafamilyholidays.com\/wp-content\/uploads\/fish-baby-scaled.webp 1920w\" sizes=\"auto, (max-width: 1024px) 100vw, 1024px\" \/><figcaption class=\"wp-element-caption\">Nous voulons cr\u00e9er la meilleure exp\u00e9rience possible pour chaque famille.<\/figcaption><\/figure>\n\n\n\n<p>Vous voulez emmener votre adolescent <strong>randonn\u00e9e p\u00e9destre<\/strong> ou <strong>v\u00e9lo<\/strong> et de le combiner avec <strong>visite guid\u00e9e<\/strong> des c\u00e9l\u00e8bres monuments de Slov\u00e9nie ? Nous le ferons !<\/p>\n\n\n\n<p>Que diriez-vous d'un <strong>parc aquatique<\/strong> avec de nombreuses diapositives et une visite de l'exposition de Ljubljana. <strong>zoo<\/strong> pour votre plus jeune ? Amusez-vous bien !<\/p>\n\n\n\n<figure class=\"wp-block-image size-large\"><img loading=\"lazy\" decoding=\"async\" width=\"1024\" height=\"553\" src=\"https:\/\/sloveniafamilyholidays.com\/wp-content\/uploads\/hiking-alps-family-1024x553.webp\" alt=\"randonn\u00e9e alpine famille\" class=\"wp-image-249\" srcset=\"https:\/\/sloveniafamilyholidays.com\/wp-content\/uploads\/hiking-alps-family-1024x553.webp 1024w, https:\/\/sloveniafamilyholidays.com\/wp-content\/uploads\/hiking-alps-family-300x162.webp 300w, https:\/\/sloveniafamilyholidays.com\/wp-content\/uploads\/hiking-alps-family-768x415.webp 768w, https:\/\/sloveniafamilyholidays.com\/wp-content\/uploads\/hiking-alps-family-1536x830.webp 1536w, https:\/\/sloveniafamilyholidays.com\/wp-content\/uploads\/hiking-alps-family-2048x1106.webp 2048w, https:\/\/sloveniafamilyholidays.com\/wp-content\/uploads\/hiking-alps-family-18x10.webp 18w, https:\/\/sloveniafamilyholidays.com\/wp-content\/uploads\/hiking-alps-family-scaled.webp 1920w\" sizes=\"auto, (max-width: 1024px) 100vw, 1024px\" \/><figcaption class=\"wp-element-caption\">Randonn\u00e9e en famille<\/figcaption><\/figure>\n\n\n\n<p>Ou bien vous voulez r\u00e9galer vos papilles avec les plus fines <strong>cuisine authentique<\/strong> pr\u00e9par\u00e9s par des chefs slov\u00e8nes renomm\u00e9s tout en se relaxant dans un cadre priv\u00e9 ? C'est fait !<\/p>\n\n\n\n<p>Existe-t-il un paquet combinant<strong> les activit\u00e9s de loisirs<\/strong> avec des visites des principales attractions de la Slov\u00e9nie, de sorte que nous pouvons encore passer quelques <strong>des moments de solitude en famille<\/strong>? Bien s\u00fbr, nous pouvons l'organiser pour vous !<\/p>\n\n\n\n<p>Nous sommes convaincus que nous pouvons trouver les vacances parfaites pour vous, et que vous les attendrez avec impatience d\u00e8s la r\u00e9servation.&nbsp;<\/p>\n\n\n\n<h2 class=\"wp-block-heading\">Flexibilit\u00e9, rapport qualit\u00e9-prix et plaisir pour tous<\/h2>\n\n\n\n<p>Nous avons d\u00e9j\u00e0 longuement parl\u00e9 de <a href=\"https:\/\/sloveniafamilyholidays.com\/fr\/slovenie-avec-enfants\/\">pourquoi la Slov\u00e9nie est une destination id\u00e9ale \u00e0 visiter avec vos enfants<\/a>. Les possibilit\u00e9s sont infinies, et nous vous offrons la possibilit\u00e9 de concevoir vos vacances en famille parfaites. Les ingr\u00e9dients secrets sont nos connaissances et vos souhaits.&nbsp;<\/p>\n\n\n\n<p>Parce que nous travaillons sans interm\u00e9diaire et directement avec les fournisseurs locaux, nos circuits familiaux restent d'un bon rapport qualit\u00e9-prix. Il n'y a pas de co\u00fbts cach\u00e9s ; vous recevez pr\u00e9cis\u00e9ment ce pour quoi vous payez.&nbsp;<\/p>\n\n\n\n<p>Et ne vous inqui\u00e9tez pas. Nous sommes une entreprise financi\u00e8rement prot\u00e9g\u00e9e, vous pouvez donc consulter notre s\u00e9lection des meilleurs produits de l'industrie. <a href=\"https:\/\/sloveniafamilyholidays.com\/fr\/visites\/\">Voyages en famille en Slov\u00e9nie<\/a> pour trouver celui qui vous convient. Vous pouvez aussi <a href=\"https:\/\/sloveniafamilyholidays.com\/fr\/enquete\/\">remplissez notre formulaire<\/a> et faites-nous savoir comment vous souhaitez que vos vacances en famille se d\u00e9roulent et laissez-nous faire le reste.<\/p>\n\n\n\n<p>Si vous recherchez un autre type de vacances, vous pouvez consulter nos partenaires de confiance. <a href=\"https:\/\/slovenia-holidays.com\/\">Vacances en Slov\u00e9nie<\/a>. Et pour les diff\u00e9rents circuits et voyages, consultez <a href=\"https:\/\/sloveniatours.com\">Voyages en Slov\u00e9nie<\/a> et <a href=\"https:\/\/day-trips-slovenia.com\/\">Excursions d'une journ\u00e9e en Slov\u00e9nie<\/a>.<\/p>\n\n\n\n<p>Pour tout autre sujet, consultez le site <a href=\"https:\/\/slovenia-discovery.com\/\">D\u00e9couverte de la Slov\u00e9nie<\/a>.<\/p>","protected":false},"excerpt":{"rendered":"<p>Cr\u00e9er des exp\u00e9riences m\u00e9morables pour les visiteurs de la Slov\u00e9nie a toujours \u00e9t\u00e9 un de mes hobbies. Chaque jour, le fait d'\u00eatre en plein air dans la nature ou au milieu de tr\u00e9sors culturels avec d'autres personnes intrigantes, ainsi que l'aspect dynamique d'un travail r\u00e9gulier, m'encouragent. C'est pourquoi je travaille comme guide touristique depuis si longtemps. Pendant mes \u00e9tudes de premier cycle... <a href=\"https:\/\/sloveniafamilyholidays.com\/fr\/about-us\/\">Suite<\/a><\/p>","protected":false},"author":43,"featured_media":296,"parent":0,"menu_order":0,"comment_status":"open","ping_status":"open","template":"","meta":{"_acf_changed":false,"footnotes":""},"class_list":["post-24","page","type-page","status-publish","has-post-thumbnail","hentry"],"acf":{"page_subheading":"Slovenia is a small paradise for families, and our team knows it \u2014 our goal is to introduce our beautiful piece of land to as many happy families as possible."},"_links":{"self":[{"href":"https:\/\/sloveniafamilyholidays.com\/fr\/wp-json\/wp\/v2\/pages\/24","targetHints":{"allow":["GET"]}}],"collection":[{"href":"https:\/\/sloveniafamilyholidays.com\/fr\/wp-json\/wp\/v2\/pages"}],"about":[{"href":"https:\/\/sloveniafamilyholidays.com\/fr\/wp-json\/wp\/v2\/types\/page"}],"author":[{"embeddable":true,"href":"https:\/\/sloveniafamilyholidays.com\/fr\/wp-json\/wp\/v2\/users\/43"}],"replies":[{"embeddable":true,"href":"https:\/\/sloveniafamilyholidays.com\/fr\/wp-json\/wp\/v2\/comments?post=24"}],"version-history":[{"count":9,"href":"https:\/\/sloveniafamilyholidays.com\/fr\/wp-json\/wp\/v2\/pages\/24\/revisions"}],"predecessor-version":[{"id":528,"href":"https:\/\/sloveniafamilyholidays.com\/fr\/wp-json\/wp\/v2\/pages\/24\/revisions\/528"}],"wp:featuredmedia":[{"embeddable":true,"href":"https:\/\/sloveniafamilyholidays.com\/fr\/wp-json\/wp\/v2\/media\/296"}],"wp:attachment":[{"href":"https:\/\/sloveniafamilyholidays.com\/fr\/wp-json\/wp\/v2\/media?parent=24"}],"curies":[{"name":"wp","href":"https:\/\/api.w.org\/{rel}","templated":true}]}}