{"id":24,"date":"2022-11-15T23:24:29","date_gmt":"2022-11-15T23:24:29","guid":{"rendered":"https:\/\/sloveniafamilyholidays.com\/about-us\/"},"modified":"2023-01-19T13:48:43","modified_gmt":"2023-01-19T13:48:43","slug":"acerca-de-nosotros","status":"publish","type":"page","link":"https:\/\/sloveniafamilyholidays.com\/es\/about-us\/","title":{"rendered":"Qui\u00e9nes somos"},"content":{"rendered":"<p>Crear experiencias memorables para los visitantes de Eslovenia siempre ha sido una de mis aficiones.<\/p>\n\n\n\n<p>Cada d\u00eda, estar al aire libre en la naturaleza o entre tesoros culturales con otras personas intrigantes, adem\u00e1s del aspecto din\u00e1mico de un trabajo regular, me anima. Por eso llevo tanto tiempo trabajando como gu\u00eda tur\u00edstica.<\/p>\n\n\n\n<figure class=\"wp-block-image size-large\"><img loading=\"lazy\" decoding=\"async\" width=\"1024\" height=\"683\" src=\"https:\/\/sloveniafamilyholidays.com\/wp-content\/uploads\/Cow-farm-in-Jezersko-1024x683.webp\" alt=\"Granja de vacas en Jezersko\" class=\"wp-image-170\" srcset=\"https:\/\/sloveniafamilyholidays.com\/wp-content\/uploads\/Cow-farm-in-Jezersko-1024x683.webp 1024w, https:\/\/sloveniafamilyholidays.com\/wp-content\/uploads\/Cow-farm-in-Jezersko-300x200.webp 300w, https:\/\/sloveniafamilyholidays.com\/wp-content\/uploads\/Cow-farm-in-Jezersko-768x512.webp 768w, https:\/\/sloveniafamilyholidays.com\/wp-content\/uploads\/Cow-farm-in-Jezersko-1536x1024.webp 1536w, https:\/\/sloveniafamilyholidays.com\/wp-content\/uploads\/Cow-farm-in-Jezersko-2048x1365.webp 2048w, https:\/\/sloveniafamilyholidays.com\/wp-content\/uploads\/Cow-farm-in-Jezersko-18x12.webp 18w, https:\/\/sloveniafamilyholidays.com\/wp-content\/uploads\/Cow-farm-in-Jezersko-scaled.webp 1920w\" sizes=\"auto, (max-width: 1024px) 100vw, 1024px\" \/><figcaption class=\"wp-element-caption\">Eslovenia es un destino familiar<\/figcaption><\/figure>\n\n\n\n<p>En mis tiempos de estudiante, sol\u00eda mostrar a los estudiantes de intercambio la belleza de Eslovenia. Ahora hago lo mismo a mayor escala, mostrando la riqueza paisaj\u00edstica y cultural de Eslovenia a las familias que desean visitar este rinc\u00f3n m\u00e1gico de Europa.<\/p>\n\n\n\n<p>Tambi\u00e9n soy <strong>viajero \u00e1vido<\/strong> que ha viajado por todo el mundo. Me gusta conocer culturas diferentes, lo que me motiva a la hora de conectar con nuestros visitantes. Tambi\u00e9n s\u00e9 c\u00f3mo tratar a los ni\u00f1os porque llevo mucho tiempo en el sector tur\u00edstico.<\/p>\n\n\n\n<p>Trabajar en una agencia de viajes en Eslovenia me proporcion\u00f3 valiosos conocimientos. Aprend\u00ed cu\u00e1les son las preocupaciones m\u00e1s frecuentes y las cosas que m\u00e1s le gustan a la gente; en resumen, empec\u00e9 a entender qu\u00e9 quiere la gente cuando visita Eslovenia.<\/p>\n\n\n\n<figure class=\"wp-block-image size-large\"><img loading=\"lazy\" decoding=\"async\" width=\"1024\" height=\"683\" src=\"https:\/\/sloveniafamilyholidays.com\/wp-content\/uploads\/happy-family-snow-1024x683.webp\" alt=\"familia feliz nieve\" class=\"wp-image-231\" srcset=\"https:\/\/sloveniafamilyholidays.com\/wp-content\/uploads\/happy-family-snow-1024x683.webp 1024w, https:\/\/sloveniafamilyholidays.com\/wp-content\/uploads\/happy-family-snow-300x200.webp 300w, https:\/\/sloveniafamilyholidays.com\/wp-content\/uploads\/happy-family-snow-768x512.webp 768w, https:\/\/sloveniafamilyholidays.com\/wp-content\/uploads\/happy-family-snow-1536x1024.webp 1536w, https:\/\/sloveniafamilyholidays.com\/wp-content\/uploads\/happy-family-snow-2048x1365.webp 2048w, https:\/\/sloveniafamilyholidays.com\/wp-content\/uploads\/happy-family-snow-18x12.webp 18w, https:\/\/sloveniafamilyholidays.com\/wp-content\/uploads\/happy-family-snow-scaled.webp 1920w\" sizes=\"auto, (max-width: 1024px) 100vw, 1024px\" \/><figcaption class=\"wp-element-caption\">Visite Eslovenia en todas las estaciones<\/figcaption><\/figure>\n\n\n\n<p>Esto se aplica especialmente a las familias, ya que <strong>S\u00e9 lo estresante que es organizar las vacaciones con ni\u00f1os<\/strong>.<\/p>\n\n\n\n<p>Aunque todos estos a\u00f1os me han convertido en la persona que soy, siempre he tenido un fuerte deseo de mejorar las cosas para nuestros visitantes. Tuve \u00e9xito, pero quer\u00eda conseguir mucho m\u00e1s.<\/p>\n\n\n\n<p>Slovenia Family Holidays se form\u00f3 con la ayuda de mis compa\u00f1eros turistas para lograr esas aspiraciones, ofreciendo a todo el mundo la oportunidad de disfrutar de unas vacaciones perfectas en Eslovenia.<\/p>\n\n\n\n<h2 class=\"wp-block-heading\">Un equipo empe\u00f1ado en hacerle pasar los mejores momentos de su vida<\/h2>\n\n\n\n<p>Nuestro equipo conecta a personas tan entusiastas por viajar como por compartir ese entusiasmo con los dem\u00e1s. Trabajamos directamente con <strong>gu\u00edas expertos<\/strong> y <strong>vendedores locales<\/strong> para garantizar el buen desarrollo de sus vacaciones familiares.<\/p>\n\n\n\n<p>Los comentarios de nuestros hu\u00e9spedes nos motivan continuamente para persistir en nuestro camino y marcar la diferencia en las experiencias vacacionales de m\u00e1s personas. Por eso nos hemos propuesto seguir desarrollando y ayudando a cada vez m\u00e1s familias a crear experiencias inolvidables durante sus vacaciones familiares en Eslovenia.<\/p>\n\n\n\n<figure class=\"wp-block-image size-large\"><img loading=\"lazy\" decoding=\"async\" width=\"1024\" height=\"683\" src=\"https:\/\/sloveniafamilyholidays.com\/wp-content\/uploads\/fish-baby-1024x683.webp\" alt=\"beb\u00e9 pez\" class=\"wp-image-246\" srcset=\"https:\/\/sloveniafamilyholidays.com\/wp-content\/uploads\/fish-baby-1024x683.webp 1024w, https:\/\/sloveniafamilyholidays.com\/wp-content\/uploads\/fish-baby-300x200.webp 300w, https:\/\/sloveniafamilyholidays.com\/wp-content\/uploads\/fish-baby-768x512.webp 768w, https:\/\/sloveniafamilyholidays.com\/wp-content\/uploads\/fish-baby-1536x1024.webp 1536w, https:\/\/sloveniafamilyholidays.com\/wp-content\/uploads\/fish-baby-2048x1365.webp 2048w, https:\/\/sloveniafamilyholidays.com\/wp-content\/uploads\/fish-baby-18x12.webp 18w, https:\/\/sloveniafamilyholidays.com\/wp-content\/uploads\/fish-baby-scaled.webp 1920w\" sizes=\"auto, (max-width: 1024px) 100vw, 1024px\" \/><figcaption class=\"wp-element-caption\">Queremos crear la mejor experiencia para cada familia<\/figcaption><\/figure>\n\n\n\n<p>\u00bfLe gustar\u00eda llevar a su hijo adolescente <strong>senderismo<\/strong> o <strong>ciclismo<\/strong> y combinarlo con <strong>visitas tur\u00edsticas<\/strong> de los famosos monumentos de Eslovenia? Nosotros lo haremos posible.<\/p>\n\n\n\n<p>\u00bfQu\u00e9 tal un <strong>parque acu\u00e1tico<\/strong> con muchas diapositivas y una visita a la <strong>zoo<\/strong> para los m\u00e1s peque\u00f1os? \u00a1Divi\u00e9rtete!<\/p>\n\n\n\n<figure class=\"wp-block-image size-large\"><img loading=\"lazy\" decoding=\"async\" width=\"1024\" height=\"553\" src=\"https:\/\/sloveniafamilyholidays.com\/wp-content\/uploads\/hiking-alps-family-1024x553.webp\" alt=\"senderismo alpes familia\" class=\"wp-image-249\" srcset=\"https:\/\/sloveniafamilyholidays.com\/wp-content\/uploads\/hiking-alps-family-1024x553.webp 1024w, https:\/\/sloveniafamilyholidays.com\/wp-content\/uploads\/hiking-alps-family-300x162.webp 300w, https:\/\/sloveniafamilyholidays.com\/wp-content\/uploads\/hiking-alps-family-768x415.webp 768w, https:\/\/sloveniafamilyholidays.com\/wp-content\/uploads\/hiking-alps-family-1536x830.webp 1536w, https:\/\/sloveniafamilyholidays.com\/wp-content\/uploads\/hiking-alps-family-2048x1106.webp 2048w, https:\/\/sloveniafamilyholidays.com\/wp-content\/uploads\/hiking-alps-family-18x10.webp 18w, https:\/\/sloveniafamilyholidays.com\/wp-content\/uploads\/hiking-alps-family-scaled.webp 1920w\" sizes=\"auto, (max-width: 1024px) 100vw, 1024px\" \/><figcaption class=\"wp-element-caption\">Senderismo en familia<\/figcaption><\/figure>\n\n\n\n<p>\u00bfO prefiere deleitar sus papilas gustativas con los mejores <strong>cocina aut\u00e9ntica<\/strong> preparado por renombrados chefs eslovenos mientras se relaja en un entorno privado? Hecho.<\/p>\n\n\n\n<p>\u00bfExiste un paquete que combine<strong> actividades de ocio<\/strong> con visitas a los principales lugares de inter\u00e9s de Eslovenia, por lo que a\u00fan podremos pasar algunos <strong>tiempo a solas en familia<\/strong>? Por supuesto, \u00a1podemos organizarlo para usted!<\/p>\n\n\n\n<p>Estamos seguros de poder encontrar las vacaciones perfectas para usted, y de que las esperar\u00e1 con ilusi\u00f3n desde el momento de la reserva.&nbsp;<\/p>\n\n\n\n<h2 class=\"wp-block-heading\">Flexibilidad, rentabilidad y diversi\u00f3n para todos<\/h2>\n\n\n\n<p>Ya hemos hablado largo y tendido sobre <a href=\"https:\/\/sloveniafamilyholidays.com\/es\/eslovenia-con-ninos\/\">Por qu\u00e9 Eslovenia es un destino ideal para visitar con ni\u00f1os<\/a>. Las opciones son infinitas, y le ofrecemos la posibilidad de dise\u00f1ar sus vacaciones familiares perfectas. Los ingredientes secretos son nuestros conocimientos y sus deseos.&nbsp;<\/p>\n\n\n\n<p>Como operamos sin intermediarios y directamente con proveedores locales, nuestros viajes en familia siguen teniendo una buena relaci\u00f3n calidad-precio. No hay costes ocultos; usted recibe exactamente lo que paga.&nbsp;<\/p>\n\n\n\n<p>Y no se preocupe. Somos una empresa financieramente protegida, por lo que puede consultar nuestra selecci\u00f3n de los mejores <a href=\"https:\/\/sloveniafamilyholidays.com\/es\/visitas\/\">Eslovenia en familia<\/a> para encontrar el adecuado para usted. Tambi\u00e9n puede <a href=\"https:\/\/sloveniafamilyholidays.com\/es\/consulta\/\">rellene nuestro formulario<\/a> y d\u00edganos c\u00f3mo quiere que se desarrollen sus vacaciones en familia y d\u00e9jenos el resto a nosotros.<\/p>\n\n\n\n<p>Si busca otro tipo de vacaciones, puede consultar nuestros socios de confianza <a href=\"https:\/\/slovenia-holidays.com\/\">Vacaciones en Eslovenia<\/a>. Y para conocer diversas excursiones y viajes, consulte <a href=\"https:\/\/sloveniatours.com\">Eslovenia Tours<\/a> y <a href=\"https:\/\/day-trips-slovenia.com\/\">Excursiones de un d\u00eda Eslovenia<\/a>.<\/p>\n\n\n\n<p>Para cualquier otra cosa, consulte <a href=\"https:\/\/slovenia-discovery.com\/\">Descubrir Eslovenia<\/a>.<\/p>","protected":false},"excerpt":{"rendered":"<p>Crear experiencias memorables para los visitantes de Eslovenia siempre ha sido una de mis aficiones. Cada d\u00eda, estar al aire libre en la naturaleza o entre tesoros culturales con otras personas intrigantes, as\u00ed como el aspecto din\u00e1mico de un trabajo regular, me animan. Por eso llevo tanto tiempo trabajando como gu\u00eda tur\u00edstica. Durante mi licenciatura ... <a href=\"https:\/\/sloveniafamilyholidays.com\/es\/about-us\/\">Contin\u00faa en<\/a><\/p>","protected":false},"author":43,"featured_media":296,"parent":0,"menu_order":0,"comment_status":"open","ping_status":"open","template":"","meta":{"_acf_changed":false,"footnotes":""},"class_list":["post-24","page","type-page","status-publish","has-post-thumbnail","hentry"],"acf":{"page_subheading":"Slovenia is a small paradise for families, and our team knows it \u2014 our goal is to introduce our beautiful piece of land to as many happy families as possible."},"_links":{"self":[{"href":"https:\/\/sloveniafamilyholidays.com\/es\/wp-json\/wp\/v2\/pages\/24","targetHints":{"allow":["GET"]}}],"collection":[{"href":"https:\/\/sloveniafamilyholidays.com\/es\/wp-json\/wp\/v2\/pages"}],"about":[{"href":"https:\/\/sloveniafamilyholidays.com\/es\/wp-json\/wp\/v2\/types\/page"}],"author":[{"embeddable":true,"href":"https:\/\/sloveniafamilyholidays.com\/es\/wp-json\/wp\/v2\/users\/43"}],"replies":[{"embeddable":true,"href":"https:\/\/sloveniafamilyholidays.com\/es\/wp-json\/wp\/v2\/comments?post=24"}],"version-history":[{"count":9,"href":"https:\/\/sloveniafamilyholidays.com\/es\/wp-json\/wp\/v2\/pages\/24\/revisions"}],"predecessor-version":[{"id":528,"href":"https:\/\/sloveniafamilyholidays.com\/es\/wp-json\/wp\/v2\/pages\/24\/revisions\/528"}],"wp:featuredmedia":[{"embeddable":true,"href":"https:\/\/sloveniafamilyholidays.com\/es\/wp-json\/wp\/v2\/media\/296"}],"wp:attachment":[{"href":"https:\/\/sloveniafamilyholidays.com\/es\/wp-json\/wp\/v2\/media?parent=24"}],"curies":[{"name":"wp","href":"https:\/\/api.w.org\/{rel}","templated":true}]}}