{"id":24,"date":"2022-11-15T23:24:29","date_gmt":"2022-11-15T23:24:29","guid":{"rendered":"https:\/\/sloveniafamilyholidays.com\/about-us\/"},"modified":"2023-01-19T13:48:43","modified_gmt":"2023-01-19T13:48:43","slug":"uber-uns","status":"publish","type":"page","link":"https:\/\/sloveniafamilyholidays.com\/de\/about-us\/","title":{"rendered":"\u00dcber uns"},"content":{"rendered":"<p>Es war schon immer ein Hobby von mir, f\u00fcr Besucher Sloweniens unvergessliche Erlebnisse zu schaffen.<\/p>\n\n\n\n<p>Jeden Tag drau\u00dfen in der Natur oder inmitten kultureller Sch\u00e4tze mit anderen faszinierenden Menschen zu sein, sowie der dynamische Aspekt einer regul\u00e4ren Arbeit, ermutigt mich. Deshalb habe ich so lange als Fremdenf\u00fchrerin gearbeitet.<\/p>\n\n\n\n<figure class=\"wp-block-image size-large\"><img loading=\"lazy\" decoding=\"async\" width=\"1024\" height=\"683\" src=\"https:\/\/sloveniafamilyholidays.com\/wp-content\/uploads\/Cow-farm-in-Jezersko-1024x683.webp\" alt=\"Kuhfarm in Jezersko\" class=\"wp-image-170\" srcset=\"https:\/\/sloveniafamilyholidays.com\/wp-content\/uploads\/Cow-farm-in-Jezersko-1024x683.webp 1024w, https:\/\/sloveniafamilyholidays.com\/wp-content\/uploads\/Cow-farm-in-Jezersko-300x200.webp 300w, https:\/\/sloveniafamilyholidays.com\/wp-content\/uploads\/Cow-farm-in-Jezersko-768x512.webp 768w, https:\/\/sloveniafamilyholidays.com\/wp-content\/uploads\/Cow-farm-in-Jezersko-1536x1024.webp 1536w, https:\/\/sloveniafamilyholidays.com\/wp-content\/uploads\/Cow-farm-in-Jezersko-2048x1365.webp 2048w, https:\/\/sloveniafamilyholidays.com\/wp-content\/uploads\/Cow-farm-in-Jezersko-18x12.webp 18w, https:\/\/sloveniafamilyholidays.com\/wp-content\/uploads\/Cow-farm-in-Jezersko-scaled.webp 1920w\" sizes=\"auto, (max-width: 1024px) 100vw, 1024px\" \/><figcaption class=\"wp-element-caption\">Slowenien ist ein familienfreundliches Reiseziel<\/figcaption><\/figure>\n\n\n\n<p>W\u00e4hrend meines Studiums habe ich den Austauschstudenten die Sch\u00f6nheit Sloweniens gezeigt. Jetzt tue ich dasselbe in einem gr\u00f6\u00dferen Rahmen und zeige den Familien, die diese magische Ecke Europas besuchen m\u00f6chten, die reiche Landschaft und Kultur Sloweniens.<\/p>\n\n\n\n<p>Ich bin auch ein <strong>passionierter Reisender<\/strong> die schon die ganze Welt bereist hat. Ich mag es, etwas \u00fcber andere Kulturen zu lernen, was mich motiviert, wenn ich mit unseren Besuchern in Kontakt komme. Au\u00dferdem kenne ich mich mit Kindern aus, weil ich schon so lange im Tourismus t\u00e4tig bin.<\/p>\n\n\n\n<p>Die Arbeit in einem Reiseb\u00fcro in Slowenien hat mir wertvolle Kenntnisse vermittelt. Ich lernte die h\u00e4ufigsten Anliegen und die Dinge kennen, die den Menschen am meisten Spa\u00df machen; kurz gesagt, ich begann zu verstehen, was die Menschen wollen, wenn sie Slowenien besuchen.<\/p>\n\n\n\n<figure class=\"wp-block-image size-large\"><img loading=\"lazy\" decoding=\"async\" width=\"1024\" height=\"683\" src=\"https:\/\/sloveniafamilyholidays.com\/wp-content\/uploads\/happy-family-snow-1024x683.webp\" alt=\"gl\u00fcckliche Familie Schnee\" class=\"wp-image-231\" srcset=\"https:\/\/sloveniafamilyholidays.com\/wp-content\/uploads\/happy-family-snow-1024x683.webp 1024w, https:\/\/sloveniafamilyholidays.com\/wp-content\/uploads\/happy-family-snow-300x200.webp 300w, https:\/\/sloveniafamilyholidays.com\/wp-content\/uploads\/happy-family-snow-768x512.webp 768w, https:\/\/sloveniafamilyholidays.com\/wp-content\/uploads\/happy-family-snow-1536x1024.webp 1536w, https:\/\/sloveniafamilyholidays.com\/wp-content\/uploads\/happy-family-snow-2048x1365.webp 2048w, https:\/\/sloveniafamilyholidays.com\/wp-content\/uploads\/happy-family-snow-18x12.webp 18w, https:\/\/sloveniafamilyholidays.com\/wp-content\/uploads\/happy-family-snow-scaled.webp 1920w\" sizes=\"auto, (max-width: 1024px) 100vw, 1024px\" \/><figcaption class=\"wp-element-caption\">Besuchen Sie Slowenien zu jeder Jahreszeit<\/figcaption><\/figure>\n\n\n\n<p>Das gilt besonders f\u00fcr Familien, denn <strong>Ich wei\u00df, wie stressig es ist, Ferien mit Kindern zu organisieren<\/strong>.<\/p>\n\n\n\n<p>All diese Jahre haben mich zu der Person geformt, die ich heute bin, aber ich hatte immer den starken Wunsch, die Dinge f\u00fcr unsere Besucher zu verbessern. Ich war erfolgreich, aber ich wollte noch so viel mehr erreichen.<\/p>\n\n\n\n<p>Slovenia Family Holidays wurde mit Hilfe meiner Touristikfreunde gegr\u00fcndet, um diese Ziele zu erreichen und allen die M\u00f6glichkeit zu bieten, den perfekten Urlaub in Slowenien zu genie\u00dfen.<\/p>\n\n\n\n<h2 class=\"wp-block-heading\">Ein Team, das Ihnen die beste Zeit Ihres Lebens bereiten will<\/h2>\n\n\n\n<p>Unsere Crew bringt Menschen zusammen, die ebenso begeistert vom Reisen sind wie davon, diese Begeisterung mit anderen zu teilen. Wir arbeiten direkt mit <strong>fachkundige F\u00fchrer<\/strong> und <strong>lokale Anbieter<\/strong> damit Ihr Familienurlaub gut verl\u00e4uft.<\/p>\n\n\n\n<p>Das Feedback unserer G\u00e4ste motiviert uns immer wieder, unseren Weg fortzusetzen und die Urlaubserlebnisse von noch mehr Menschen zu verbessern. Deshalb haben wir es uns zur Aufgabe gemacht, uns weiterzuentwickeln und immer mehr ankommenden Familien zu helfen, unvergessliche Erlebnisse w\u00e4hrend ihres Familienurlaubs in Slowenien zu schaffen.<\/p>\n\n\n\n<figure class=\"wp-block-image size-large\"><img loading=\"lazy\" decoding=\"async\" width=\"1024\" height=\"683\" src=\"https:\/\/sloveniafamilyholidays.com\/wp-content\/uploads\/fish-baby-1024x683.webp\" alt=\"Fischbaby\" class=\"wp-image-246\" srcset=\"https:\/\/sloveniafamilyholidays.com\/wp-content\/uploads\/fish-baby-1024x683.webp 1024w, https:\/\/sloveniafamilyholidays.com\/wp-content\/uploads\/fish-baby-300x200.webp 300w, https:\/\/sloveniafamilyholidays.com\/wp-content\/uploads\/fish-baby-768x512.webp 768w, https:\/\/sloveniafamilyholidays.com\/wp-content\/uploads\/fish-baby-1536x1024.webp 1536w, https:\/\/sloveniafamilyholidays.com\/wp-content\/uploads\/fish-baby-2048x1365.webp 2048w, https:\/\/sloveniafamilyholidays.com\/wp-content\/uploads\/fish-baby-18x12.webp 18w, https:\/\/sloveniafamilyholidays.com\/wp-content\/uploads\/fish-baby-scaled.webp 1920w\" sizes=\"auto, (max-width: 1024px) 100vw, 1024px\" \/><figcaption class=\"wp-element-caption\">Wir wollen das beste Erlebnis f\u00fcr jede Familie schaffen<\/figcaption><\/figure>\n\n\n\n<p>M\u00f6chten Sie Ihren Teenager mitnehmen <strong>Wandern<\/strong> oder <strong>Radfahren<\/strong> und kombinieren dies mit <strong>Sightseeing<\/strong> eines der ber\u00fchmten slowenischen Wahrzeichen? Wir machen es m\u00f6glich!<\/p>\n\n\n\n<p>Wie w\u00e4re es mit einem <strong>Wasserpark<\/strong> mit vielen Dias und einem Besuch in Ljubljanas <strong>zoo<\/strong> f\u00fcr Ihre J\u00fcngsten? Viel Spa\u00df dabei!<\/p>\n\n\n\n<figure class=\"wp-block-image size-large\"><img loading=\"lazy\" decoding=\"async\" width=\"1024\" height=\"553\" src=\"https:\/\/sloveniafamilyholidays.com\/wp-content\/uploads\/hiking-alps-family-1024x553.webp\" alt=\"Wandern Almen Familie\" class=\"wp-image-249\" srcset=\"https:\/\/sloveniafamilyholidays.com\/wp-content\/uploads\/hiking-alps-family-1024x553.webp 1024w, https:\/\/sloveniafamilyholidays.com\/wp-content\/uploads\/hiking-alps-family-300x162.webp 300w, https:\/\/sloveniafamilyholidays.com\/wp-content\/uploads\/hiking-alps-family-768x415.webp 768w, https:\/\/sloveniafamilyholidays.com\/wp-content\/uploads\/hiking-alps-family-1536x830.webp 1536w, https:\/\/sloveniafamilyholidays.com\/wp-content\/uploads\/hiking-alps-family-2048x1106.webp 2048w, https:\/\/sloveniafamilyholidays.com\/wp-content\/uploads\/hiking-alps-family-18x10.webp 18w, https:\/\/sloveniafamilyholidays.com\/wp-content\/uploads\/hiking-alps-family-scaled.webp 1920w\" sizes=\"auto, (max-width: 1024px) 100vw, 1024px\" \/><figcaption class=\"wp-element-caption\">Wandern mit der Familie<\/figcaption><\/figure>\n\n\n\n<p>Oder m\u00f6chten Sie Ihre Geschmacksnerven mit dem Feinsten verw\u00f6hnen? <strong>authentische K\u00fcche<\/strong> von renommierten slowenischen K\u00f6chen zubereitet, w\u00e4hrend Sie sich in einem privaten Rahmen entspannen? Erledigt!<\/p>\n\n\n\n<p>Gibt es ein Paket, das<strong> Freizeitaktivit\u00e4ten<\/strong> mit Besichtigungen der wichtigsten slowenischen Sehensw\u00fcrdigkeiten, so dass wir noch etwas Zeit <strong>Zeit allein als Familie<\/strong>? Nat\u00fcrlich, wir k\u00f6nnen es f\u00fcr Sie organisieren!<\/p>\n\n\n\n<p>Wir sind zuversichtlich, dass wir den perfekten Urlaub f\u00fcr Sie finden, auf den Sie sich vom Moment der Buchung an freuen werden.&nbsp;<\/p>\n\n\n\n<h2 class=\"wp-block-heading\">Flexibilit\u00e4t, gutes Preis-Leistungs-Verh\u00e4ltnis und Spa\u00df f\u00fcr alle<\/h2>\n\n\n\n<p>Wir haben bereits ausf\u00fchrlich \u00fcber Folgendes gesprochen <a href=\"https:\/\/sloveniafamilyholidays.com\/de\/slowenien-mit-kindern\/\">warum Slowenien ein gro\u00dfartiges Reiseziel f\u00fcr Ihre Kinder ist<\/a>. Die M\u00f6glichkeiten sind endlos, und wir bieten Ihnen die M\u00f6glichkeit, Ihren perfekten Familienurlaub zu gestalten. Die geheimen Zutaten sind unser Wissen und Ihre W\u00fcnsche.&nbsp;<\/p>\n\n\n\n<p>Da wir ohne Zwischenh\u00e4ndler und direkt mit lokalen Anbietern arbeiten, bleiben unsere Familienreisen preiswert. Es gibt keine versteckten Kosten; Sie erhalten genau das, wof\u00fcr Sie bezahlen.&nbsp;<\/p>\n\n\n\n<p>Und keine Sorge. Wir sind ein finanziell abgesichertes Unternehmen, also k\u00f6nnen Sie sich unsere Auswahl der besten <a href=\"https:\/\/sloveniafamilyholidays.com\/de\/touren\/\">Slowenien Familienreisen<\/a> um das Richtige f\u00fcr Sie zu finden. Oder Sie k\u00f6nnen <a href=\"https:\/\/sloveniafamilyholidays.com\/de\/anfrage\/\">F\u00fcllen Sie unser Formular aus<\/a> und teilen Sie uns mit, wie Sie Ihren Familienurlaub gestalten m\u00f6chten, und \u00fcberlassen Sie den Rest uns.<\/p>\n\n\n\n<p>Wenn Sie auf der Suche nach einer anderen Art von Urlaub sind, k\u00f6nnen Sie sich bei unseren vertrauensw\u00fcrdigen Partnern informieren <a href=\"https:\/\/slovenia-holidays.com\/\">Slowenien Ferien<\/a>. Und f\u00fcr verschiedene Touren und Ausfl\u00fcge, besuchen Sie <a href=\"https:\/\/sloveniatours.com\">Slowenien Touren<\/a> und <a href=\"https:\/\/day-trips-slovenia.com\/\">Tagesausfl\u00fcge Slowenien<\/a>.<\/p>\n\n\n\n<p>Alles andere finden Sie unter <a href=\"https:\/\/slovenia-discovery.com\/\">Slowenien Entdeckung<\/a>.<\/p>","protected":false},"excerpt":{"rendered":"<p>Ein unvergessliches Erlebnis f\u00fcr die Besucher Sloweniens zu schaffen, war schon immer ein Hobby von mir. Jeden Tag drau\u00dfen in der Natur oder inmitten kultureller Sch\u00e4tze mit anderen faszinierenden Menschen zu sein, sowie der dynamische Aspekt einer regul\u00e4ren Arbeit, ermutigt mich. Deshalb arbeite ich schon so lange als Fremdenf\u00fchrerin. W\u00e4hrend meines Studiums ... <a href=\"https:\/\/sloveniafamilyholidays.com\/de\/about-us\/\">Fortsetzung<\/a><\/p>","protected":false},"author":43,"featured_media":296,"parent":0,"menu_order":0,"comment_status":"open","ping_status":"open","template":"","meta":{"_acf_changed":false,"footnotes":""},"class_list":["post-24","page","type-page","status-publish","has-post-thumbnail","hentry"],"acf":{"page_subheading":"Slovenia is a small paradise for families, and our team knows it \u2014 our goal is to introduce our beautiful piece of land to as many happy families as possible."},"_links":{"self":[{"href":"https:\/\/sloveniafamilyholidays.com\/de\/wp-json\/wp\/v2\/pages\/24","targetHints":{"allow":["GET"]}}],"collection":[{"href":"https:\/\/sloveniafamilyholidays.com\/de\/wp-json\/wp\/v2\/pages"}],"about":[{"href":"https:\/\/sloveniafamilyholidays.com\/de\/wp-json\/wp\/v2\/types\/page"}],"author":[{"embeddable":true,"href":"https:\/\/sloveniafamilyholidays.com\/de\/wp-json\/wp\/v2\/users\/43"}],"replies":[{"embeddable":true,"href":"https:\/\/sloveniafamilyholidays.com\/de\/wp-json\/wp\/v2\/comments?post=24"}],"version-history":[{"count":9,"href":"https:\/\/sloveniafamilyholidays.com\/de\/wp-json\/wp\/v2\/pages\/24\/revisions"}],"predecessor-version":[{"id":528,"href":"https:\/\/sloveniafamilyholidays.com\/de\/wp-json\/wp\/v2\/pages\/24\/revisions\/528"}],"wp:featuredmedia":[{"embeddable":true,"href":"https:\/\/sloveniafamilyholidays.com\/de\/wp-json\/wp\/v2\/media\/296"}],"wp:attachment":[{"href":"https:\/\/sloveniafamilyholidays.com\/de\/wp-json\/wp\/v2\/media?parent=24"}],"curies":[{"name":"wp","href":"https:\/\/api.w.org\/{rel}","templated":true}]}}